{"id":33,"date":"2017-04-28T16:37:30","date_gmt":"2017-04-28T16:37:30","guid":{"rendered":"http:\/\/www.turtolankyla.fi\/?page_id=33"},"modified":"2026-02-13T13:03:32","modified_gmt":"2026-02-13T13:03:32","slug":"ladut","status":"publish","type":"page","link":"http:\/\/www.turtolankyla.fi\/?page_id=33","title":{"rendered":"Ladut ja luistelukentt\u00e4"},"content":{"rendered":"<p>Turtolassa on 2 kilometrin mittainen valaistulatu (kuvassa punainen), jolta p\u00e4\u00e4see 2 kilometrin \u00c4ijin lenkile (sininen). N\u00e4ill\u00e4 laduilla on mahdollista hiiht\u00e4\u00e4 sek\u00e4 vapaalla ett\u00e4 perinteisell\u00e4 tyylill\u00e4. Valaistunladun etel\u00e4p\u00e4\u00e4ss\u00e4 on hiihtomaja.<\/p>\n<p><img loading=\"lazy\" decoding=\"async\" class=\"alignnone size-medium wp-image-1453\" src=\"http:\/\/www.turtolankyla.fi\/wp-content\/uploads\/2026\/02\/FB_IMG_1770987507781-300x235.jpg\" alt=\"Latukartta\" width=\"300\" height=\"235\" srcset=\"http:\/\/www.turtolankyla.fi\/wp-content\/uploads\/2026\/02\/FB_IMG_1770987507781-300x235.jpg 300w, http:\/\/www.turtolankyla.fi\/wp-content\/uploads\/2026\/02\/FB_IMG_1770987507781-1024x802.jpg 1024w, http:\/\/www.turtolankyla.fi\/wp-content\/uploads\/2026\/02\/FB_IMG_1770987507781-768x602.jpg 768w, http:\/\/www.turtolankyla.fi\/wp-content\/uploads\/2026\/02\/FB_IMG_1770987507781-1x1.jpg 1w, http:\/\/www.turtolankyla.fi\/wp-content\/uploads\/2026\/02\/FB_IMG_1770987507781.jpg 1080w\" sizes=\"auto, (max-width: 300px) 100vw, 300px\" \/><\/p>\n<p>Kev\u00e4\u00e4ll\u00e4 aukaistaan 10 kilometrin perinteisen latu Paamavaaraan (harmaa). Paamavaarassa on laavu.<\/p>\n<p>Pys\u00e4k\u00f6intilaueet ovat valaistun ladun molemmissa p\u00e4iss\u00e4, joille on opasviitat valtatie 21 varrelta Turtolan kirkon seutuvilta. Valokatkaisin on ladun etel\u00e4p\u00e4\u00e4n parkkipaikalla. Lis\u00e4ksi perinteisen ladulle ment\u00e4ess\u00e4 auton voi j\u00e4tt\u00e4\u00e4 M\u00e4ntymaantien parkkipaikalle l\u00e4helle junarataa. M\u00e4ntymaantie on Turtolan koulun risteyst\u00e4 vastap\u00e4\u00e4t\u00e4.<\/p>\n<p>Luistelukentt\u00e4 on Koulunm\u00e4en pihalla.<\/p>\n\n\n<p><\/p>\n","protected":false},"excerpt":{"rendered":"<p>Turtolassa on 2 kilometrin mittainen valaistulatu (kuvassa punainen), jolta p\u00e4\u00e4see 2 kilometrin \u00c4ijin lenkile (sininen). N\u00e4ill\u00e4 laduilla on mahdollista hiiht\u00e4\u00e4 sek\u00e4 vapaalla ett\u00e4 perinteisell\u00e4 tyylill\u00e4. Valaistunladun etel\u00e4p\u00e4\u00e4ss\u00e4 on hiihtomaja. Kev\u00e4\u00e4ll\u00e4 [&hellip;]<\/p>\n","protected":false},"author":1,"featured_media":0,"parent":0,"menu_order":0,"comment_status":"closed","ping_status":"closed","template":"","meta":{"_mc_calendar":[],"footnotes":""},"class_list":["post-33","page","type-page","status-publish","hentry"],"_links":{"self":[{"href":"http:\/\/www.turtolankyla.fi\/index.php?rest_route=\/wp\/v2\/pages\/33","targetHints":{"allow":["GET"]}}],"collection":[{"href":"http:\/\/www.turtolankyla.fi\/index.php?rest_route=\/wp\/v2\/pages"}],"about":[{"href":"http:\/\/www.turtolankyla.fi\/index.php?rest_route=\/wp\/v2\/types\/page"}],"author":[{"embeddable":true,"href":"http:\/\/www.turtolankyla.fi\/index.php?rest_route=\/wp\/v2\/users\/1"}],"replies":[{"embeddable":true,"href":"http:\/\/www.turtolankyla.fi\/index.php?rest_route=%2Fwp%2Fv2%2Fcomments&post=33"}],"version-history":[{"count":11,"href":"http:\/\/www.turtolankyla.fi\/index.php?rest_route=\/wp\/v2\/pages\/33\/revisions"}],"predecessor-version":[{"id":1455,"href":"http:\/\/www.turtolankyla.fi\/index.php?rest_route=\/wp\/v2\/pages\/33\/revisions\/1455"}],"wp:attachment":[{"href":"http:\/\/www.turtolankyla.fi\/index.php?rest_route=%2Fwp%2Fv2%2Fmedia&parent=33"}],"curies":[{"name":"wp","href":"https:\/\/api.w.org\/{rel}","templated":true}]}}