{"id":39,"date":"2021-04-28T18:21:00","date_gmt":"2021-04-28T18:21:00","guid":{"rendered":"http:\/\/www.turtolankyla.fi\/?page_id=39"},"modified":"2021-04-28T20:13:15","modified_gmt":"2021-04-28T20:13:15","slug":"historiaa","status":"publish","type":"page","link":"http:\/\/www.turtolankyla.fi\/?page_id=39","title":{"rendered":"Historiaa"},"content":{"rendered":"\n<figure class=\"wp-block-image\"><img loading=\"lazy\" decoding=\"async\" width=\"1600\" height=\"898\" src=\"http:\/\/www.turtolankyla.fi\/wp-content\/uploads\/2019\/10\/IMG-20191208-WA0000.jpg\" alt=\"\" class=\"wp-image-926\" srcset=\"http:\/\/www.turtolankyla.fi\/wp-content\/uploads\/2019\/10\/IMG-20191208-WA0000.jpg 1600w, http:\/\/www.turtolankyla.fi\/wp-content\/uploads\/2019\/10\/IMG-20191208-WA0000-300x168.jpg 300w, http:\/\/www.turtolankyla.fi\/wp-content\/uploads\/2019\/10\/IMG-20191208-WA0000-768x431.jpg 768w, http:\/\/www.turtolankyla.fi\/wp-content\/uploads\/2019\/10\/IMG-20191208-WA0000-1024x575.jpg 1024w, http:\/\/www.turtolankyla.fi\/wp-content\/uploads\/2019\/10\/IMG-20191208-WA0000-2x1.jpg 2w\" sizes=\"auto, (max-width: 1600px) 100vw, 1600px\" \/><figcaption>Kun Turtola s\u00e4hk\u00f6t sai -n\u00e4ytelm\u00e4ss\u00e4 moni kyl\u00e4l\u00e4inen n\u00e4ytteli omaa isoisovanhempaansa.<\/figcaption><\/figure>\n\n\n\n<p>Turtolassa tuli talvela 2019 kuluhneeksi sata vuotta siit\u00e4, ko kylh\u00e4\u00e4n saathiin s\u00e4hk\u00f6t, v\u00e4yl\u00e4n yli Ruottista. Turtola oli silloin edell\u00e4k\u00e4vij\u00e4, s\u00e4hk\u00f6t tuli ensimm\u00e4isen\u00e4 Tornionjokilaaksossa ja ennen pellolaisia palo Turtolassa s\u00e4hk\u00f6valo! Turtola oli siihen aikhaan Suomen pohjosin paikka, miss\u00e4 s\u00e4hk\u00f6 kulki.<\/p>\n\n\n\n<p>Kaulasen Karin kirjottama n\u00e4ytelm\u00e4, Kun Turtola s\u00e4hk\u00f6t sai, esitettiin S\u00e4hk\u00f6juhlassa tasan 100 vuotta s\u00e4hk\u00f6n tulon j\u00e4lkheen.<\/p>\n\n\n\n<figure class=\"wp-block-gallery columns-2 is-cropped wp-block-gallery-1 is-layout-flex wp-block-gallery-is-layout-flex\"><ul class=\"blocks-gallery-grid\"><li class=\"blocks-gallery-item\"><figure><img loading=\"lazy\" decoding=\"async\" width=\"768\" height=\"1024\" src=\"http:\/\/www.turtolankyla.fi\/wp-content\/uploads\/2021\/04\/IMG_20210428_191915-768x1024.jpg\" alt=\"\" data-id=\"1199\" class=\"wp-image-1199\" srcset=\"http:\/\/www.turtolankyla.fi\/wp-content\/uploads\/2021\/04\/IMG_20210428_191915-768x1024.jpg 768w, http:\/\/www.turtolankyla.fi\/wp-content\/uploads\/2021\/04\/IMG_20210428_191915-225x300.jpg 225w, http:\/\/www.turtolankyla.fi\/wp-content\/uploads\/2021\/04\/IMG_20210428_191915-1152x1536.jpg 1152w, http:\/\/www.turtolankyla.fi\/wp-content\/uploads\/2021\/04\/IMG_20210428_191915-1536x2048.jpg 1536w, http:\/\/www.turtolankyla.fi\/wp-content\/uploads\/2021\/04\/IMG_20210428_191915-1x1.jpg 1w, http:\/\/www.turtolankyla.fi\/wp-content\/uploads\/2021\/04\/IMG_20210428_191915-scaled.jpg 1920w\" sizes=\"auto, (max-width: 768px) 100vw, 768px\" \/><\/figure><\/li><li class=\"blocks-gallery-item\"><figure><img loading=\"lazy\" decoding=\"async\" width=\"768\" height=\"1024\" src=\"http:\/\/www.turtolankyla.fi\/wp-content\/uploads\/2021\/04\/IMG_20210428_191927-768x1024.jpg\" alt=\"\" data-id=\"1200\" data-full-url=\"http:\/\/www.turtolankyla.fi\/wp-content\/uploads\/2021\/04\/IMG_20210428_191927-scaled.jpg\" data-link=\"http:\/\/www.turtolankyla.fi\/?attachment_id=1200#main\" class=\"wp-image-1200\" srcset=\"http:\/\/www.turtolankyla.fi\/wp-content\/uploads\/2021\/04\/IMG_20210428_191927-768x1024.jpg 768w, http:\/\/www.turtolankyla.fi\/wp-content\/uploads\/2021\/04\/IMG_20210428_191927-225x300.jpg 225w, http:\/\/www.turtolankyla.fi\/wp-content\/uploads\/2021\/04\/IMG_20210428_191927-1152x1536.jpg 1152w, http:\/\/www.turtolankyla.fi\/wp-content\/uploads\/2021\/04\/IMG_20210428_191927-1536x2048.jpg 1536w, http:\/\/www.turtolankyla.fi\/wp-content\/uploads\/2021\/04\/IMG_20210428_191927-1x1.jpg 1w, http:\/\/www.turtolankyla.fi\/wp-content\/uploads\/2021\/04\/IMG_20210428_191927-scaled.jpg 1920w\" sizes=\"auto, (max-width: 768px) 100vw, 768px\" \/><\/figure><\/li><\/ul><figcaption class=\"blocks-gallery-caption\">Valolaulu kertoo s\u00e4hk\u00f6ntulon historian tiivistetysti.<\/figcaption><\/figure>\n\n\n\n<p>Trokareita ja kylttyyri\u00e4 -hanke taltioi n\u00e4ytelm\u00e4n ensiesityksen. Esityksen voipii kattoa osotheesta: <\/p>\n\n\n\n<p>https:\/\/vimeo.com\/user34917083\/download\/383588822\/96975c63b5<\/p>\n","protected":false},"excerpt":{"rendered":"<p>Turtolassa tuli talvela 2019 kuluhneeksi sata vuotta siit\u00e4, ko kylh\u00e4\u00e4n saathiin s\u00e4hk\u00f6t, v\u00e4yl\u00e4n yli Ruottista. Turtola oli silloin edell\u00e4k\u00e4vij\u00e4, s\u00e4hk\u00f6t tuli ensimm\u00e4isen\u00e4 Tornionjokilaaksossa ja ennen pellolaisia palo Turtolassa s\u00e4hk\u00f6valo! Turtola [&hellip;]<\/p>\n","protected":false},"author":1,"featured_media":0,"parent":0,"menu_order":0,"comment_status":"closed","ping_status":"closed","template":"","meta":{"_mc_calendar":[],"footnotes":""},"class_list":["post-39","page","type-page","status-publish","hentry"],"_links":{"self":[{"href":"http:\/\/www.turtolankyla.fi\/index.php?rest_route=\/wp\/v2\/pages\/39","targetHints":{"allow":["GET"]}}],"collection":[{"href":"http:\/\/www.turtolankyla.fi\/index.php?rest_route=\/wp\/v2\/pages"}],"about":[{"href":"http:\/\/www.turtolankyla.fi\/index.php?rest_route=\/wp\/v2\/types\/page"}],"author":[{"embeddable":true,"href":"http:\/\/www.turtolankyla.fi\/index.php?rest_route=\/wp\/v2\/users\/1"}],"replies":[{"embeddable":true,"href":"http:\/\/www.turtolankyla.fi\/index.php?rest_route=%2Fwp%2Fv2%2Fcomments&post=39"}],"version-history":[{"count":7,"href":"http:\/\/www.turtolankyla.fi\/index.php?rest_route=\/wp\/v2\/pages\/39\/revisions"}],"predecessor-version":[{"id":1207,"href":"http:\/\/www.turtolankyla.fi\/index.php?rest_route=\/wp\/v2\/pages\/39\/revisions\/1207"}],"wp:attachment":[{"href":"http:\/\/www.turtolankyla.fi\/index.php?rest_route=%2Fwp%2Fv2%2Fmedia&parent=39"}],"curies":[{"name":"wp","href":"https:\/\/api.w.org\/{rel}","templated":true}]}}